{"id":107,"date":"2018-11-05T17:40:04","date_gmt":"2018-11-05T08:40:04","guid":{"rendered":"https:\/\/sankyo-denzai.com\/?page_id=107"},"modified":"2026-01-14T14:33:28","modified_gmt":"2026-01-14T05:33:28","slug":"page-107","status":"publish","type":"page","link":"https:\/\/sankyo-denzai.com\/?page_id=107","title":{"rendered":"\u304a\u554f\u3044\u5408\u308f\u305b"},"content":{"rendered":"<p><span style=\"color: #ffffff;\">\u516c\u5f0fLINE\u30a2\u30ab\u30a6\u30f3\u30c8\u304b\u3089\u3082\u304a\u554f\u3044\u5408\u308f\u305b\u3044\u305f\u3060\u3051\u307e\u3059\u306e\u3067\u3054\u6c17\u8efd\u306b\u3054\u6d3b\u7528\u304f\u3060\u3055\u3044\u3002<\/span><br \/>\n<a href=\"https:\/\/lin.ee\/dcW5NG5\"><img decoding=\"async\" src=\"https:\/\/scdn.line-apps.com\/n\/line_add_friends\/btn\/ja.png\" alt=\"\u53cb\u3060\u3061\u8ffd\u52a0\" height=\"36\" border=\"0\" \/><\/a><\/p>\n<h3>\u3010\u304a\u554f\u3044\u5408\u308f\u305b\u306b\u3064\u3044\u3066\u3011<\/h3>\n<p><span style=\"color: #ffffff;\">\u304a\u554f\u3044\u5408\u308f\u305b\u306b\u306f\u3001\u65e9\u6025\u306b\u3053\u3061\u3089\u304b\u3089\u8fd4\u4fe1\u3055\u305b\u3066\u3044\u305f\u3060\u304d\u307e\u3059\u3002<\/span><br \/>\n<span style=\"color: #ffffff;\">\u306a\u304a\u3001\u55b6\u696d\u6642\u9593\u5916\u306e\u304a\u554f\u3044\u5408\u308f\u305b\u306b\u3064\u304d\u307e\u3057\u3066\u306f\u3001\u8fd4\u4fe1\u306b\u304a\u6642\u9593\u304c\u304b\u304b\u308b\u5834\u5408\u304c\u3054\u3056\u3044\u307e\u3059\u306e\u3067\u3001<\/span><br \/>\n<span style=\"color: #ffffff;\">\u4e88\u3081\u3054\u4e86\u627f\u4e0b\u3055\u3044\u3002<\/span><br \/>\n<span style=\"color: #ffffff;\">\u304a\u554f\u3044\u5408\u308f\u305b\u306f\u304a\u624b\u6570\u3067\u3059\u304c\u3001\u4e0b\u8a18\u9805\u76ee\u306b\u3054\u8a18\u5165\u306e\u4e0a\u3001\u9001\u4fe1\u3057\u3066\u4e0b\u3055\u3044\u3002<\/span><br \/>\n<span style=\"color: #ffffff;\">\u5fc5\u9808\u9805\u76ee\u306b\u8a18\u5165\u3082\u308c\u304c\u3042\u308a\u307e\u3059\u3068\u30a8\u30e9\u30fc\u306b\u306a\u308a\u307e\u3059\u306e\u3067\u3054\u6ce8\u610f\u4e0b\u3055\u3044\u3002<\/span><br \/>\n<span style=\"color: #ffffff;\">\u30ab\u30ca\u30ab\u30ca\u306f\u3001\u534a\u89d2\u30ab\u30bf\u30ab\u30ca\u3092\u4f7f\u308f\u305a\u3001\u5168\u89d2\u30ab\u30bf\u30ab\u30ca\u3092\u3054\u4f7f\u7528\u4e0b\u3055\u3044\u3002<\/span><br \/>\n<span style=\"color: #ffffff;\">\u203b\u3054\u5165\u529b\u9802\u304d\u307e\u3057\u305f\u500b\u4eba\u60c5\u5831\u306f\u3001\u304a\u5ba2\u69d8\u304b\u3089\u306e\u304a\u554f\u3044\u5408\u308f\u305b\u3078\u306e\u5bfe\u5fdc\u306b\u5fc5\u8981\u306a\u9023\u7d61\u4ee5\u5916\u306e\u76ee\u7684\u306b\u306f\u4f7f\u7528\u81f4\u3057\u307e\u305b\u3093\u3002<\/span><br \/>\n\n<div class=\"wpcf7 no-js\" id=\"wpcf7-f10-o1\" lang=\"ja\" dir=\"ltr\" data-wpcf7-id=\"10\">\n<div class=\"screen-reader-response\"><p role=\"status\" aria-live=\"polite\" aria-atomic=\"true\"><\/p> <ul><\/ul><\/div>\n<form action=\"\/index.php?rest_route=%2Fwp%2Fv2%2Fpages%2F107#wpcf7-f10-o1\" method=\"post\" class=\"wpcf7-form init\" aria-label=\"\u30b3\u30f3\u30bf\u30af\u30c8\u30d5\u30a9\u30fc\u30e0\" novalidate=\"novalidate\" data-status=\"init\">\n<fieldset class=\"hidden-fields-container\"><input type=\"hidden\" name=\"_wpcf7\" value=\"10\" \/><input type=\"hidden\" name=\"_wpcf7_version\" value=\"6.1.5\" \/><input type=\"hidden\" name=\"_wpcf7_locale\" value=\"ja\" \/><input type=\"hidden\" name=\"_wpcf7_unit_tag\" value=\"wpcf7-f10-o1\" \/><input type=\"hidden\" name=\"_wpcf7_container_post\" value=\"0\" \/><input type=\"hidden\" name=\"_wpcf7_posted_data_hash\" value=\"\" \/><input type=\"hidden\" name=\"_wpcf7_recaptcha_response\" value=\"\" \/>\n<\/fieldset>\n<table class=\"CF7_table\">\n\t<tr>\n\t\t<th>\n\t\t\t<p><span class=\"CF7_req\">\u5fc5\u9808<\/span> \u304a\u554f\u3044\u5408\u308f\u305b\u5185\u5bb9\n\t\t\t<\/p>\n\t\t<\/th>\n\t\t<td>\n\t\t\t<p><span class=\"wpcf7-form-control-wrap\" data-name=\"checkbox-inq\"><span class=\"wpcf7-form-control wpcf7-checkbox wpcf7-validates-as-required\"><span class=\"wpcf7-list-item first\"><input type=\"checkbox\" name=\"checkbox-inq[]\" value=\"\u8cc7\u6599\u8acb\u6c42\" \/><span class=\"wpcf7-list-item-label\">\u8cc7\u6599\u8acb\u6c42<\/span><\/span><span class=\"wpcf7-list-item\"><input type=\"checkbox\" name=\"checkbox-inq[]\" value=\"\u6c42\u4eba\" \/><span class=\"wpcf7-list-item-label\">\u6c42\u4eba<\/span><\/span><span class=\"wpcf7-list-item last\"><input type=\"checkbox\" name=\"checkbox-inq[]\" value=\"\u305d\u306e\u4ed6\" \/><span class=\"wpcf7-list-item-label\">\u305d\u306e\u4ed6<\/span><\/span><\/span><\/span>\n\t\t\t<\/p>\n\t\t<\/td>\n\t<\/tr>\n\t<tr>\n\t\t<th>\n\t\t\t<p><span class=\"CF7_req\">\u5fc5\u9808<\/span> \u304a\u540d\u524d\n\t\t\t<\/p>\n\t\t<\/th>\n\t\t<td>\n\t\t\t<p><span class=\"wpcf7-form-control-wrap\" data-name=\"your-name\"><input size=\"40\" maxlength=\"400\" class=\"wpcf7-form-control wpcf7-text wpcf7-validates-as-required\" aria-required=\"true\" aria-invalid=\"false\" placeholder=\"\u304a\u540d\u524d\" value=\"\" type=\"text\" name=\"your-name\" \/><\/span>\n\t\t\t<\/p>\n\t\t<\/td>\n\t<\/tr>\n\t<tr>\n\t\t<th>\n\t\t\t<p><span class=\"CF7_req\">\u5fc5\u9808<\/span> \u30d5\u30ea\u30ac\u30ca\n\t\t\t<\/p>\n\t\t<\/th>\n\t\t<td>\n\t\t\t<p><span class=\"wpcf7-form-control-wrap\" data-name=\"your-furigana\"><input size=\"40\" maxlength=\"400\" class=\"wpcf7-form-control wpcf7-text wpcf7-validates-as-required\" aria-required=\"true\" aria-invalid=\"false\" placeholder=\"\u30d5\u30ea\u30ac\u30ca\" value=\"\" type=\"text\" name=\"your-furigana\" \/><\/span>\n\t\t\t<\/p>\n\t\t<\/td>\n\t<\/tr>\n\t<tr>\n\t\t<th>\n\t\t\t<p><span class=\"CF7_req\">\u5fc5\u9808<\/span> \u30e1\u30fc\u30eb\u30a2\u30c9\u30ec\u30b9\n\t\t\t<\/p>\n\t\t<\/th>\n\t\t<td>\n\t\t\t<p><span class=\"wpcf7-form-control-wrap\" data-name=\"your-email\"><input size=\"40\" maxlength=\"400\" class=\"wpcf7-form-control wpcf7-email wpcf7-validates-as-required wpcf7-text wpcf7-validates-as-email\" aria-required=\"true\" aria-invalid=\"false\" placeholder=\"\u00d7\u00d7\u00d7@\u00d7\u00d7\u00d7.com\" value=\"\" type=\"email\" name=\"your-email\" \/><\/span>\n\t\t\t<\/p>\n\t\t<\/td>\n\t<\/tr>\n\t<tr>\n\t\t<th>\n\t\t\t<p><span class=\"CF7_req\">\u5fc5\u9808<\/span>\u3054\u4f4f\u6240\n\t\t\t<\/p>\n\t\t<\/th>\n\t\t<td class=\"address-100\">\n\t\t\t<p><span class=\"wpcf7-form-control-wrap\" data-name=\"your-address\"><input size=\"40\" maxlength=\"400\" class=\"wpcf7-form-control wpcf7-text wpcf7-validates-as-required\" aria-required=\"true\" aria-invalid=\"false\" placeholder=\"\u3054\u4f4f\u6240\" value=\"\" type=\"text\" name=\"your-address\" \/><\/span>\n\t\t\t<\/p>\n\t\t<\/td>\n\t<\/tr>\n\t<tr>\n\t\t<th>\n\t\t\t<p><span class=\"CF7_req\">\u5fc5\u9808<\/span>\u304a\u96fb\u8a71\u756a\u53f7\n\t\t\t<\/p>\n\t\t<\/th>\n\t\t<td>\n\t\t\t<p><span class=\"wpcf7-form-control-wrap\" data-name=\"your-tel\"><input size=\"40\" maxlength=\"400\" class=\"wpcf7-form-control wpcf7-text wpcf7-validates-as-required\" aria-required=\"true\" aria-invalid=\"false\" placeholder=\"06-1234-5678\" value=\"\" type=\"text\" name=\"your-tel\" \/><\/span>\n\t\t\t<\/p>\n\t\t<\/td>\n\t<\/tr>\n\t<tr>\n\t\t<th>\n\t\t\t<p><span class=\"CF7_req\">\u5fc5\u9808<\/span>\u30e1\u30c3\u30bb\u30fc\u30b8\u672c\u6587\n\t\t\t<\/p>\n\t\t<\/th>\n\t\t<td class=\"message-100\">\n\t\t\t<p><span class=\"wpcf7-form-control-wrap\" data-name=\"your-message\"><textarea cols=\"40\" rows=\"10\" maxlength=\"2000\" class=\"wpcf7-form-control wpcf7-textarea wpcf7-validates-as-required\" aria-required=\"true\" aria-invalid=\"false\" placeholder=\"\u304a\u554f\u3044\u5408\u308f\u305b\u5185\u5bb9\u3092\u3054\u8a18\u5165\u304f\u3060\u3055\u3044\" name=\"your-message\"><\/textarea><\/span>\n\t\t\t<\/p>\n\t\t<\/td>\n\t<\/tr>\n<\/table>\n<p class=\"CF7_btn\"><span class=\"wpcf7-form-control-wrap\" data-name=\"acceptance-700\"><span class=\"wpcf7-form-control wpcf7-acceptance\"><span class=\"wpcf7-list-item\"><label><input type=\"checkbox\" name=\"acceptance-700\" value=\"1\" aria-invalid=\"false\" \/><span class=\"wpcf7-list-item-label\">\u4e0a\u8a18\u5185\u5bb9\u3067\u9001\u4fe1\u3057\u307e\u3059\u304b\uff1f<\/span><\/label><\/span><\/span><\/span>\n<\/p>\n<p class=\"CF7_btn\"><input class=\"wpcf7-form-control wpcf7-submit has-spinner\" type=\"submit\" value=\"\u9001\u4fe1\u3059\u308b\" \/>\n<\/p><p style=\"display: none !important;\" class=\"akismet-fields-container\" data-prefix=\"_wpcf7_ak_\"><label>&#916;<textarea name=\"_wpcf7_ak_hp_textarea\" cols=\"45\" rows=\"8\" maxlength=\"100\"><\/textarea><\/label><input type=\"hidden\" id=\"ak_js_1\" name=\"_wpcf7_ak_js\" value=\"141\"\/><script type=\"text\/javascript\">\n\/* <![CDATA[ *\/\ndocument.getElementById( \"ak_js_1\" ).setAttribute( \"value\", ( new Date() ).getTime() );\n\/* ]]> *\/\n<\/script>\n<\/p><div class=\"wpcf7-response-output\" aria-hidden=\"true\"><\/div>\n<\/form>\n<\/div>\n\n","protected":false},"excerpt":{"rendered":"<p>\u516c\u5f0fLINE\u30a2\u30ab\u30a6\u30f3\u30c8\u304b\u3089\u3082\u304a\u554f\u3044\u5408\u308f\u305b\u3044\u305f\u3060\u3051\u307e\u3059\u306e\u3067\u3054\u6c17\u8efd\u306b\u3054\u6d3b\u7528\u304f\u3060\u3055\u3044\u3002 \u3010\u304a\u554f\u3044\u5408\u308f\u305b\u306b\u3064\u3044\u3066\u3011 \u304a\u554f\u3044\u5408\u308f\u305b\u306b\u306f\u3001\u65e9\u6025\u306b\u3053\u3061\u3089\u304b\u3089\u8fd4\u4fe1\u3055\u305b\u3066\u3044\u305f\u3060\u304d\u307e\u3059\u3002 \u306a\u304a\u3001\u55b6\u696d\u6642\u9593\u5916\u306e\u304a\u554f\u3044\u5408\u308f\u305b\u306b\u3064\u304d\u307e\u3057\u3066\u306f\u3001\u8fd4\u4fe1\u306b\u304a\u6642\u9593\u304c\u304b\u304b\u308b\u5834\u5408\u304c\u3054\u3056\u3044\u307e\u3059\u306e\u3067\u3001 \u4e88\u3081\u3054\u4e86\u627f\u4e0b\u3055\u3044\u3002 \u304a\u554f\u3044\u5408\u308f\u305b\u306f\u304a\u624b\u6570\u3067\u3059\u304c\u3001\u4e0b\u8a18\u9805\u76ee\u306b\u3054\u8a18\u5165\u306e\u4e0a\u3001\u9001\u4fe1\u3057\u3066\u4e0b\u3055\u3044\u3002 \u5fc5\u9808\u9805\u76ee\u306b\u8a18\u5165\u3082\u308c\u304c\u3042\u308a\u307e\u3059\u3068\u30a8\u30e9\u30fc\u306b\u306a\u308a\u307e\u3059\u306e\u3067\u3054\u6ce8 [&hellip;]<\/p>\n","protected":false},"author":3,"featured_media":0,"parent":0,"menu_order":0,"comment_status":"closed","ping_status":"closed","template":"","meta":{"footnotes":""},"class_list":["post-107","page","type-page","status-publish","hentry"],"_links":{"self":[{"href":"https:\/\/sankyo-denzai.com\/index.php?rest_route=\/wp\/v2\/pages\/107","targetHints":{"allow":["GET"]}}],"collection":[{"href":"https:\/\/sankyo-denzai.com\/index.php?rest_route=\/wp\/v2\/pages"}],"about":[{"href":"https:\/\/sankyo-denzai.com\/index.php?rest_route=\/wp\/v2\/types\/page"}],"author":[{"embeddable":true,"href":"https:\/\/sankyo-denzai.com\/index.php?rest_route=\/wp\/v2\/users\/3"}],"replies":[{"embeddable":true,"href":"https:\/\/sankyo-denzai.com\/index.php?rest_route=%2Fwp%2Fv2%2Fcomments&post=107"}],"version-history":[{"count":8,"href":"https:\/\/sankyo-denzai.com\/index.php?rest_route=\/wp\/v2\/pages\/107\/revisions"}],"predecessor-version":[{"id":4273,"href":"https:\/\/sankyo-denzai.com\/index.php?rest_route=\/wp\/v2\/pages\/107\/revisions\/4273"}],"wp:attachment":[{"href":"https:\/\/sankyo-denzai.com\/index.php?rest_route=%2Fwp%2Fv2%2Fmedia&parent=107"}],"curies":[{"name":"wp","href":"https:\/\/api.w.org\/{rel}","templated":true}]}}